{"id":91,"date":"2023-05-23T16:02:47","date_gmt":"2023-05-23T19:02:47","guid":{"rendered":"http:\/\/store.sintesis.online.vxsct8016.avnam.net\/?post_type=product&#038;p=91"},"modified":"2023-08-30T09:04:21","modified_gmt":"2023-08-30T12:04:21","slug":"tecnicas-intervencionistas","status":"publish","type":"product","link":"https:\/\/store.sintesis.online\/en\/curso\/tecnicas-intervencionistas\/","title":{"rendered":"T\u00e9cnicas Intervencionistas de Medicina Regenerativa Osteomioneuroarticular para el tratamiento del Paciente con Dolor"},"content":{"rendered":"<h3><b>Objetivos<\/b><\/h3>\n<p>Los tratamientos intervencionistas percut\u00e1neos, se han mostrado eficaces y confiables para abordar a los pacientes con dolor cr\u00f3nico, siempre y cuando se encuentren correctamente indicados y el profesional que los ejecute cuente con un adecuado entrenamiento en las t\u00e9cnicas. Es por esto que se hace imprescindible la existencia de formaci\u00f3n t\u00e9cnica que aborde esta tem\u00e1tica. La adquisici\u00f3n de habilidades nuevas, as\u00ed como el conocimiento de todas las alternativas terap\u00e9uticas actualmente vigentes le brindar\u00e1 al alumno todas las herramientas necesarias para una verdadera rehabilitaci\u00f3n integral del paciente con dolor.<\/p>","protected":false},"excerpt":{"rendered":"<p>Objetivos Los tratamientos intervencionistas percut\u00e1neos, se han mostrado eficaces y confiables para abordar a los pacientes con dolor cr\u00f3nico, siempre y cuando se encuentren correctamente indicados y el profesional que los ejecute cuente con un adecuado entrenamiento en las t\u00e9cnicas. Es por esto que se hace imprescindible la existencia de formaci\u00f3n t\u00e9cnica que aborde esta [&hellip;]<\/p>","protected":false},"featured_media":127,"template":"","meta":{"_acf_changed":false},"product_cat":[15],"product_tag":[],"class_list":{"0":"post-91","1":"product","2":"type-product","3":"status-publish","4":"has-post-thumbnail","6":"product_cat-sin-categorizar","8":"first","9":"outofstock","10":"virtual","11":"sold-individually","12":"purchasable","13":"product-type-simple"},"acf":[],"_links":{"self":[{"href":"https:\/\/store.sintesis.online\/en\/wp-json\/wp\/v2\/product\/91","targetHints":{"allow":["GET"]}}],"collection":[{"href":"https:\/\/store.sintesis.online\/en\/wp-json\/wp\/v2\/product"}],"about":[{"href":"https:\/\/store.sintesis.online\/en\/wp-json\/wp\/v2\/types\/product"}],"wp:featuredmedia":[{"embeddable":true,"href":"https:\/\/store.sintesis.online\/en\/wp-json\/wp\/v2\/media\/127"}],"wp:attachment":[{"href":"https:\/\/store.sintesis.online\/en\/wp-json\/wp\/v2\/media?parent=91"}],"wp:term":[{"taxonomy":"product_cat","embeddable":true,"href":"https:\/\/store.sintesis.online\/en\/wp-json\/wp\/v2\/product_cat?post=91"},{"taxonomy":"product_tag","embeddable":true,"href":"https:\/\/store.sintesis.online\/en\/wp-json\/wp\/v2\/product_tag?post=91"}],"curies":[{"name":"wp","href":"https:\/\/api.w.org\/{rel}","templated":true}]}}