{"id":88,"date":"2023-05-23T15:58:12","date_gmt":"2023-05-23T18:58:12","guid":{"rendered":"http:\/\/store.sintesis.online.vxsct8016.avnam.net\/?post_type=product&#038;p=88"},"modified":"2023-08-30T19:46:34","modified_gmt":"2023-08-30T22:46:34","slug":"doma","status":"publish","type":"product","link":"https:\/\/store.sintesis.online\/en\/curso\/doma\/","title":{"rendered":"Evaluaci\u00f3n y Tratamiento del Paciente con Dolor M\u00fasculo-Esquel\u00e9tico"},"content":{"rendered":"<h3><b>Objetivos<\/b><\/h3>\n<p>The objective of this course is to develop new approaches to the patient with Musculoskeletal Pain. We will provide concepts of biomechanics, semiology and regenerative medicine in order to aim at a rational approach to the main pain syndromes in each anatomical region.<\/p>","protected":false},"excerpt":{"rendered":"<p>Objetivos El objetivo de este curso es desarrollar nuevos enfoques del paciente con Dolor M\u00fasculo-esquel\u00e9tico. Proporcionaremos conceptos de biomec\u00e1nica, semiolog\u00eda y medicina regenerativa para poder apuntar a un abordaje racional de los principales s\u00edndromes dolorosos en cada regi\u00f3n anat\u00f3mica.<\/p>","protected":false},"featured_media":129,"template":"","meta":{"_acf_changed":false},"product_cat":[15],"product_tag":[],"class_list":{"0":"post-88","1":"product","2":"type-product","3":"status-publish","4":"has-post-thumbnail","6":"product_cat-sin-categorizar","8":"first","9":"outofstock","10":"featured","11":"virtual","12":"sold-individually","13":"product-type-simple"},"acf":[],"_links":{"self":[{"href":"https:\/\/store.sintesis.online\/en\/wp-json\/wp\/v2\/product\/88","targetHints":{"allow":["GET"]}}],"collection":[{"href":"https:\/\/store.sintesis.online\/en\/wp-json\/wp\/v2\/product"}],"about":[{"href":"https:\/\/store.sintesis.online\/en\/wp-json\/wp\/v2\/types\/product"}],"wp:featuredmedia":[{"embeddable":true,"href":"https:\/\/store.sintesis.online\/en\/wp-json\/wp\/v2\/media\/129"}],"wp:attachment":[{"href":"https:\/\/store.sintesis.online\/en\/wp-json\/wp\/v2\/media?parent=88"}],"wp:term":[{"taxonomy":"product_cat","embeddable":true,"href":"https:\/\/store.sintesis.online\/en\/wp-json\/wp\/v2\/product_cat?post=88"},{"taxonomy":"product_tag","embeddable":true,"href":"https:\/\/store.sintesis.online\/en\/wp-json\/wp\/v2\/product_tag?post=88"}],"curies":[{"name":"wp","href":"https:\/\/api.w.org\/{rel}","templated":true}]}}