{"id":85,"date":"2023-05-22T20:47:19","date_gmt":"2023-05-22T23:47:19","guid":{"rendered":"http:\/\/store.sintesis.online.vxsct8016.avnam.net\/?post_type=product&#038;p=85"},"modified":"2023-08-30T09:03:59","modified_gmt":"2023-08-30T12:03:59","slug":"scf","status":"publish","type":"product","link":"https:\/\/store.sintesis.online\/en\/curso\/scf\/","title":{"rendered":"Evaluaci\u00f3n y Tratamiento del Paciente con Dolor en Situaciones Cl\u00ednicas Frecuentes"},"content":{"rendered":"<h3><b>Objetivos<\/b><\/h3>\n<p>The objective of this course is to provide the tools for the evaluation and treatment of some of the pain syndromes of the main clinical specialties. We want to disseminate new perspectives for a comprehensive approach to the patient, developing resources that allow a global vision of all aspects related to each clinical picture.<\/p>","protected":false},"excerpt":{"rendered":"<p>Objetivos El objetivo de este curso es proporcionar las herramientas de evaluaci\u00f3n y tratamiento de algunos de los s\u00edndromes dolorosos de las principales especialidades cl\u00ednicas. Queremos difundir nuevas perspectivas para un abordaje integral del paciente, desarrollando recursos que permitan una visi\u00f3n global de todos los aspectos relacionados a cada cuadro cl\u00ednico.<\/p>","protected":false},"featured_media":130,"template":"","meta":{"_acf_changed":false},"product_cat":[15],"product_tag":[],"class_list":{"0":"post-85","1":"product","2":"type-product","3":"status-publish","4":"has-post-thumbnail","6":"product_cat-sin-categorizar","8":"first","9":"outofstock","10":"featured","11":"virtual","12":"sold-individually","13":"product-type-simple"},"acf":[],"_links":{"self":[{"href":"https:\/\/store.sintesis.online\/en\/wp-json\/wp\/v2\/product\/85","targetHints":{"allow":["GET"]}}],"collection":[{"href":"https:\/\/store.sintesis.online\/en\/wp-json\/wp\/v2\/product"}],"about":[{"href":"https:\/\/store.sintesis.online\/en\/wp-json\/wp\/v2\/types\/product"}],"wp:featuredmedia":[{"embeddable":true,"href":"https:\/\/store.sintesis.online\/en\/wp-json\/wp\/v2\/media\/130"}],"wp:attachment":[{"href":"https:\/\/store.sintesis.online\/en\/wp-json\/wp\/v2\/media?parent=85"}],"wp:term":[{"taxonomy":"product_cat","embeddable":true,"href":"https:\/\/store.sintesis.online\/en\/wp-json\/wp\/v2\/product_cat?post=85"},{"taxonomy":"product_tag","embeddable":true,"href":"https:\/\/store.sintesis.online\/en\/wp-json\/wp\/v2\/product_tag?post=85"}],"curies":[{"name":"wp","href":"https:\/\/api.w.org\/{rel}","templated":true}]}}