{"id":72,"date":"2023-05-17T19:59:14","date_gmt":"2023-05-17T22:59:14","guid":{"rendered":"http:\/\/store.sintesis.online.vxsct8016.avnam.net\/?post_type=product&#038;p=72"},"modified":"2023-08-30T09:03:50","modified_gmt":"2023-08-30T12:03:50","slug":"abordaje-integral-del-paciente-con-dolor","status":"publish","type":"product","link":"https:\/\/store.sintesis.online\/en\/curso\/abordaje-integral-del-paciente-con-dolor\/","title":{"rendered":"Integral Approach of the Patient with Pain"},"content":{"rendered":"<h3><b>Objetivos<\/b><\/h3>\n<p>The objective of this course is to facilitate a comprehensive and multidisciplinary approach to the patient with pain, without reducing it to the symptomatic pharmacological approach, but delving into stratified alternatives for its etiological solution.<\/p>\n<p>With a structure of theoretical classes, workshops and discussion of cases, complemented by virtual tools, students acquire the assessment tools of some of the main pain syndromes and etiological entities, providing valuable elements for a multidisciplinary, comprehensive and effective treatment.<\/p>","protected":false},"excerpt":{"rendered":"<p>Objetivos El objetivo de este curso es facilitar un abordaje integral y multidisciplinario del paciente con dolor, sin reducirlo al abordaje farmacol\u00f3gico sintom\u00e1tico, sino profundizando en alternativas estratificadas para su soluci\u00f3n etiol\u00f3gica. Con una estructura de clases te\u00f3ricas, talleres y discusi\u00f3n de casos, complementado con herramientas virtuales, los alumnos adquieren las herramientas de valoraci\u00f3n de [&hellip;]<\/p>","protected":false},"featured_media":131,"template":"","meta":{"_acf_changed":false},"product_cat":[15],"product_tag":[],"class_list":{"0":"post-72","1":"product","2":"type-product","3":"status-publish","4":"has-post-thumbnail","6":"product_cat-sin-categorizar","8":"first","9":"outofstock","10":"featured","11":"virtual","12":"sold-individually","13":"product-type-simple"},"acf":[],"_links":{"self":[{"href":"https:\/\/store.sintesis.online\/en\/wp-json\/wp\/v2\/product\/72","targetHints":{"allow":["GET"]}}],"collection":[{"href":"https:\/\/store.sintesis.online\/en\/wp-json\/wp\/v2\/product"}],"about":[{"href":"https:\/\/store.sintesis.online\/en\/wp-json\/wp\/v2\/types\/product"}],"wp:featuredmedia":[{"embeddable":true,"href":"https:\/\/store.sintesis.online\/en\/wp-json\/wp\/v2\/media\/131"}],"wp:attachment":[{"href":"https:\/\/store.sintesis.online\/en\/wp-json\/wp\/v2\/media?parent=72"}],"wp:term":[{"taxonomy":"product_cat","embeddable":true,"href":"https:\/\/store.sintesis.online\/en\/wp-json\/wp\/v2\/product_cat?post=72"},{"taxonomy":"product_tag","embeddable":true,"href":"https:\/\/store.sintesis.online\/en\/wp-json\/wp\/v2\/product_tag?post=72"}],"curies":[{"name":"wp","href":"https:\/\/api.w.org\/{rel}","templated":true}]}}