{"id":137,"date":"2023-08-30T09:14:57","date_gmt":"2023-08-30T12:14:57","guid":{"rendered":"http:\/\/store.sintesis.online.vxsct8016.avnam.net\/?post_type=product&#038;p=137"},"modified":"2023-09-13T18:36:39","modified_gmt":"2023-09-13T21:36:39","slug":"curso-de-post-grado-universitario-internacional-de-medicina-ortopedica-manual","status":"publish","type":"product","link":"https:\/\/store.sintesis.online\/en\/curso\/curso-de-post-grado-universitario-internacional-de-medicina-ortopedica-manual\/","title":{"rendered":"Curso de post-grado universitario internacional de Medicina Ortopedica Manual"},"content":{"rendered":"<h2>Objetivos<\/h2>\n<p>Posgrado Universitario, dictado por el cuerpo docente de la Sociedad Latinoamericana de Medicina Ortop\u00e9dica y Manual donde se desarrollan los conceptos te\u00f3ricos y pr\u00e1cticos sobre la fisiopatolog\u00eda y la cl\u00ednica, as\u00ed como todas las t\u00e9cnicas de terapias manuales que pueden ser utilizadas para el tratamiento de pacientes con dolor musculoesqul\u00e9tico.<\/p>\n<h2>P\u00fablico Destinatario<\/h2>\n<p>M\u00e9dicos<\/p>\n<h2>Temario<\/h2>\n<ul>\n<li>M\u00d3DULO 1 - Historia y fundamentos de la Medicina Ortop\u00e9dica y Manual (M.O.M)<\/li>\n<li>M\u00d3DULO 2 - El m\u00e9todo Str\u00e1n<\/li>\n<li>M\u00d3DULO 3 - Masaje terap\u00e9utico<\/li>\n<li>M\u00d3DULO 4 - S\u00edndromes cl\u00ednicos frecuentes en M.O.M<\/li>\n<li>M\u00d3DULO 5 - Manipulaciones vertebrales seg\u00fan la M.O.M.<\/li>\n<\/ul>\n<h2>Evaluaci\u00f3n<\/h2>\n<p>Trabajos Pr\u00e1cticos Espec\u00edficos de cada m\u00f3dulo (Modalidad Multiple Choice)<br \/>\nExamen Final (Modalidad Multiple Choice)<\/p>\n<h2>Preguntas Frecuentes<\/h2>\n<p><a href=\"http:\/\/store.sintesis.online.vxsct8016.avnam.net\/wp-content\/uploads\/2023\/08\/Curso-Rosario.-Preguntas-frecuentes.pdf\" target=\"_blank\" rel=\"noopener\">Medicina Ortop\u00e9dica Manual - Preguntas Frecuentes<\/a><\/p>","protected":false},"excerpt":{"rendered":"<p>Objetivos Posgrado Universitario, dictado por el cuerpo docente de la Sociedad Latinoamericana de Medicina Ortop\u00e9dica y Manual donde se desarrollan los conceptos te\u00f3ricos y pr\u00e1cticos sobre la fisiopatolog\u00eda y la cl\u00ednica, as\u00ed como todas las t\u00e9cnicas de terapias manuales que pueden ser utilizadas para el tratamiento de pacientes con dolor musculoesqul\u00e9tico. P\u00fablico Destinatario M\u00e9dicos Temario [&hellip;]<\/p>","protected":false},"featured_media":0,"template":"","meta":{"_acf_changed":false},"product_cat":[15],"product_tag":[],"class_list":{"0":"post-137","1":"product","2":"type-product","3":"status-publish","5":"product_cat-sin-categorizar","7":"first","8":"instock","9":"virtual","10":"product-type-simple"},"acf":[],"_links":{"self":[{"href":"https:\/\/store.sintesis.online\/en\/wp-json\/wp\/v2\/product\/137","targetHints":{"allow":["GET"]}}],"collection":[{"href":"https:\/\/store.sintesis.online\/en\/wp-json\/wp\/v2\/product"}],"about":[{"href":"https:\/\/store.sintesis.online\/en\/wp-json\/wp\/v2\/types\/product"}],"wp:attachment":[{"href":"https:\/\/store.sintesis.online\/en\/wp-json\/wp\/v2\/media?parent=137"}],"wp:term":[{"taxonomy":"product_cat","embeddable":true,"href":"https:\/\/store.sintesis.online\/en\/wp-json\/wp\/v2\/product_cat?post=137"},{"taxonomy":"product_tag","embeddable":true,"href":"https:\/\/store.sintesis.online\/en\/wp-json\/wp\/v2\/product_tag?post=137"}],"curies":[{"name":"wp","href":"https:\/\/api.w.org\/{rel}","templated":true}]}}