{"id":132,"date":"2023-06-20T17:39:27","date_gmt":"2023-06-20T20:39:27","guid":{"rendered":"http:\/\/store.sintesis.online.vxsct8016.avnam.net\/?post_type=product&#038;p=132"},"modified":"2023-08-30T09:04:29","modified_gmt":"2023-08-30T12:04:29","slug":"avances-en-la-neurofisiopatologia-diagnostico-y-tratamiento-de-la-sensibilizacion-espinal-segmentaria-ses","status":"publish","type":"product","link":"https:\/\/store.sintesis.online\/en\/curso\/avances-en-la-neurofisiopatologia-diagnostico-y-tratamiento-de-la-sensibilizacion-espinal-segmentaria-ses\/","title":{"rendered":"Avances en la Neurofisiopatolog\u00eda, Diagn\u00f3stico y Tratamiento de la Sensibilizaci\u00f3n Espinal Segmentaria (SES)"},"content":{"rendered":"<p>El Curso Taller COMPLETO te incluye:<\/p>\n<ul>\n<li>El curso ONLINE: disponible durante 3 meses en la plataforma sintesis.online<\/li>\n<li>El taller presencial 100% HANDS-ON: con pacientes reales. Incluiremos una mesa redonda al t\u00e9rmino del taller, para discutir los casos cl\u00ednicos observados.<\/li>\n<\/ul>\n<h3>Certificaci\u00f3n<\/h3>\n<p>Facultad de Medicina de la Universidad de Piura, Lima, Per\u00fa<br \/>\nFacultad de Medicina de la Universidad Nacional de Rosario, Argentina (consultar costo)<\/p>","protected":false},"excerpt":{"rendered":"<p>El Curso Taller COMPLETO te incluye: El curso ONLINE: disponible durante 3 meses en la plataforma sintesis.online El taller presencial 100% HANDS-ON: con pacientes reales. Incluiremos una mesa redonda al t\u00e9rmino del taller, para discutir los casos cl\u00ednicos observados. Certificaci\u00f3n Facultad de Medicina de la Universidad de Piura, Lima, Per\u00fa Facultad de Medicina de la [&hellip;]<\/p>","protected":false},"featured_media":0,"template":"","meta":{"_acf_changed":false},"product_cat":[15],"product_tag":[],"class_list":{"0":"post-132","1":"product","2":"type-product","3":"status-publish","5":"product_cat-sin-categorizar","7":"first","8":"outofstock","9":"virtual","10":"product-type-simple"},"acf":[],"_links":{"self":[{"href":"https:\/\/store.sintesis.online\/en\/wp-json\/wp\/v2\/product\/132","targetHints":{"allow":["GET"]}}],"collection":[{"href":"https:\/\/store.sintesis.online\/en\/wp-json\/wp\/v2\/product"}],"about":[{"href":"https:\/\/store.sintesis.online\/en\/wp-json\/wp\/v2\/types\/product"}],"wp:attachment":[{"href":"https:\/\/store.sintesis.online\/en\/wp-json\/wp\/v2\/media?parent=132"}],"wp:term":[{"taxonomy":"product_cat","embeddable":true,"href":"https:\/\/store.sintesis.online\/en\/wp-json\/wp\/v2\/product_cat?post=132"},{"taxonomy":"product_tag","embeddable":true,"href":"https:\/\/store.sintesis.online\/en\/wp-json\/wp\/v2\/product_tag?post=132"}],"curies":[{"name":"wp","href":"https:\/\/api.w.org\/{rel}","templated":true}]}}