{"id":119,"date":"2023-06-09T18:46:49","date_gmt":"2023-06-09T21:46:49","guid":{"rendered":"http:\/\/store.sintesis.online.vxsct8016.avnam.net\/?page_id=119"},"modified":"2024-08-08T13:53:35","modified_gmt":"2024-08-08T16:53:35","slug":"terminos-y-condiciones","status":"publish","type":"page","link":"https:\/\/store.sintesis.online\/en\/terminos-y-condiciones\/","title":{"rendered":"Terms and Conditions"},"content":{"rendered":"<h4 class=\"wp-block-heading\">Welcome to Synthesis Online - Store<\/h4>\n\n\n\n<p class=\" translation-block\">These terms and conditions outline the rules and regulations for the use of the Synthesis \nOnline website, located at https:\/\/store.sintesis.online.\nBy accessing this website, you accept these terms and conditions. Do not continue to use \nSynthesis Online if you do not agree to all the terms and conditions stated on this page.<\/p>\n\n\n\n<p class=\" translation-block\"><strong>Website Use <\/strong><br>By using this website, you warrant that you are of legal age and that you will use the site in accordance with these terms and conditions.<\/p>\n\n\n\n<p class=\" translation-block\"><strong>Intellectual Property<\/strong><br>All content present on Synthesis Online, including text, graphics, logos, images, and software, \nis the property of Synthesis Online or its content suppliers and is protected by intellectual \nproperty laws. You may not copy, reproduce, distribute, modify, create derivative works from, \nor exploit the content in any manner without the prior written consent of Synthesis Online.<\/p>\n\n\n\n<p class=\" translation-block\"><strong>Cookies<\/strong><br>The website uses cookies to enhance the user experience. By continuing to use the website, you consent to the use of cookies in accordance with our Privacy Policy.<\/p>\n\n\n\n<p class=\" translation-block\"><strong>Links to Other Websites<\/strong><br>Synthesis Online may contain links to third-party websites. These links are provided for your \nconvenience. We have no control over the content of these sites and accept no responsibility for them or any loss or damage that may arise from your use of them.<\/p>\n\n\n\n<p class=\" translation-block\"><strong>Limitation of Liabilit<\/strong><br>To the maximum extent permitted by law, Synthesis Online will not be liable for any indirect, incidental, special, or consequential loss or damage arising out of or in connection with the use of this website or the products and services offered on it.<\/p>\n\n\n\n<p class=\" translation-block\"><strong>Changes to Terms and conditions<\/strong><br> We reserve the right to modify these terms and conditions at any time. Modifications will be effective immediately upon posting on the website. It is your responsibility to review the terms and conditions periodically to stay informed of any changes.<\/p>\n\n\n\n<p class=\" translation-block\"><strong>Refund Policy<\/strong><br>Our refund policy is detailed in the Refund Policy: <a href=\"https:\/\/store.sintesis.online\/en\/reembolso_devoluciones\/\" target=\"_self\"><strong>Refund Policy<\/strong><\/a>. Please review it to \nunderstand how we handle returns and refunds.<\/p>\n\n\n\n<p class=\" translation-block\"><strong>Privacy Policy<\/strong><br>Your privacy is important to us. Our privacy policy, which details how we collect, use, and protect your personal information, is available in the Privacy Policy: <a href=\"http:\/\/store.sintesis.online\/en\/politica-privacidad\/\" target=\"_self\"><strong>Privacy Policy<\/strong><\/a>.<\/p>\n\n\n\n<p class=\" translation-block\"><strong>Contact<\/strong><br>If you have any questions about these terms and conditions, please contact us at store@sintesis.online<\/p>","protected":false},"excerpt":{"rendered":"<p>Bienvenido a S\u00edntesis Online - Store Estos t\u00e9rminos y condiciones describen las reglas y regulaciones para el uso del sitio web de S\u00edntesis Online, ubicado en https:\/\/store.sintesis.online.Al acceder a este sitio web, aceptas estos t\u00e9rminos y condiciones. No contin\u00faes usando S\u00edntesis Online si no est\u00e1s de acuerdo con todos los t\u00e9rminos y condiciones aqu\u00ed establecidos. [&hellip;]<\/p>","protected":false},"author":1,"featured_media":0,"parent":0,"menu_order":0,"comment_status":"closed","ping_status":"closed","template":"","meta":{"_acf_changed":false,"footnotes":""},"class_list":["post-119","page","type-page","status-publish","hentry"],"acf":[],"_links":{"self":[{"href":"https:\/\/store.sintesis.online\/en\/wp-json\/wp\/v2\/pages\/119","targetHints":{"allow":["GET"]}}],"collection":[{"href":"https:\/\/store.sintesis.online\/en\/wp-json\/wp\/v2\/pages"}],"about":[{"href":"https:\/\/store.sintesis.online\/en\/wp-json\/wp\/v2\/types\/page"}],"author":[{"embeddable":true,"href":"https:\/\/store.sintesis.online\/en\/wp-json\/wp\/v2\/users\/1"}],"replies":[{"embeddable":true,"href":"https:\/\/store.sintesis.online\/en\/wp-json\/wp\/v2\/comments?post=119"}],"version-history":[{"count":2,"href":"https:\/\/store.sintesis.online\/en\/wp-json\/wp\/v2\/pages\/119\/revisions"}],"predecessor-version":[{"id":180,"href":"https:\/\/store.sintesis.online\/en\/wp-json\/wp\/v2\/pages\/119\/revisions\/180"}],"wp:attachment":[{"href":"https:\/\/store.sintesis.online\/en\/wp-json\/wp\/v2\/media?parent=119"}],"curies":[{"name":"wp","href":"https:\/\/api.w.org\/{rel}","templated":true}]}}